{"id":1175,"date":"2017-03-31T12:50:21","date_gmt":"2017-03-31T10:50:21","guid":{"rendered":"http:\/\/www.hotelfabricia.com\/eventi-elba\/"},"modified":"2017-05-02T11:43:24","modified_gmt":"2017-05-02T09:43:24","slug":"evenements-a-lile-delbe","status":"publish","type":"page","link":"https:\/\/www.hotelfabricia.com\/fr\/evenements-a-lile-delbe\/","title":{"rendered":"\u00c9v\u00e8nements \u00e0 l\u2019\u00cele d\u2019Elbe"},"content":{"rendered":"","protected":false},"excerpt":{"rendered":"","protected":false},"author":1,"featured_media":0,"parent":0,"menu_order":0,"comment_status":"closed","ping_status":"closed","template":"","meta":{"footnotes":""},"class_list":["post-1175","page","type-page","status-publish","hentry"],"_links":{"self":[{"href":"https:\/\/www.hotelfabricia.com\/fr\/wp-json\/wp\/v2\/pages\/1175","targetHints":{"allow":["GET"]}}],"collection":[{"href":"https:\/\/www.hotelfabricia.com\/fr\/wp-json\/wp\/v2\/pages"}],"about":[{"href":"https:\/\/www.hotelfabricia.com\/fr\/wp-json\/wp\/v2\/types\/page"}],"author":[{"embeddable":true,"href":"https:\/\/www.hotelfabricia.com\/fr\/wp-json\/wp\/v2\/users\/1"}],"replies":[{"embeddable":true,"href":"https:\/\/www.hotelfabricia.com\/fr\/wp-json\/wp\/v2\/comments?post=1175"}],"version-history":[{"count":3,"href":"https:\/\/www.hotelfabricia.com\/fr\/wp-json\/wp\/v2\/pages\/1175\/revisions"}],"predecessor-version":[{"id":1352,"href":"https:\/\/www.hotelfabricia.com\/fr\/wp-json\/wp\/v2\/pages\/1175\/revisions\/1352"}],"wp:attachment":[{"href":"https:\/\/www.hotelfabricia.com\/fr\/wp-json\/wp\/v2\/media?parent=1175"}],"curies":[{"name":"wp","href":"https:\/\/api.w.org\/{rel}","templated":true}]}}